{"id":3270,"date":"2020-09-30T17:32:15","date_gmt":"2020-09-30T15:32:15","guid":{"rendered":"https:\/\/airpak.com\/mx\/?page_id=3270"},"modified":"2024-07-12T01:45:29","modified_gmt":"2024-07-11T23:45:29","slug":"servicios","status":"publish","type":"page","link":"https:\/\/airpak.com\/mx\/servicios\/","title":{"rendered":"Servicios"},"content":{"rendered":"<div class=\"bt_bb_wrapper\"><section id=\"bt_bb_section6a05e36c53cb2\"  class=\"bt_bb_section bt_bb_color_scheme_1 bt_bb_layout_wide bt_bb_vertical_align_top bt_bb_section_with_bottom_coverage_image\" style=\"background-color: transparent;;background-color:#f6f6f6;\"><div class=\"bt_bb_port\"><div class=\"bt_bb_cell\"><div class=\"bt_bb_cell_inner\"><div class=\"bt_bb_row_wrapper\"><div  class=\"bt_bb_row\" ><div  class=\"bt_bb_column col-md-12 col-ms-12 bt_bb_align_left bt_bb_vertical_align_top bt_bb_padding_normal\"  data-width=\"12\"><div class=\"bt_bb_column_content\"><div class=\"bt_bb_content_slider bt_bb_gap_no_gap bt_bb_arrows_size_normal bt_bb_arrows_style_transparent_light bt_bb_arrows_position_bottom_right bt_bb_show_dots_right bt_bb_dots_style_accent_dot bt_bb_height_auto bt_bb_animation_fade\"><div class=\"slick-slider fade\"  data-slick='{ \"lazyLoad\": \"progressive\", \"cssEase\": \"ease-out\", \"speed\": \"600\", \"fade\": true, \"prevArrow\": \"&lt;button type=\\\"button\\\" class=\\\"slick-prev\\\"&gt;\", \"nextArrow\": \"&lt;button type=\\\"button\\\" class=\\\"slick-next\\\"&gt;\", \"adaptiveHeight\": true, \"dots\": true,\"autoplay\": true, \"autoplaySpeed\": 4500}' ><div id=\"overlay__header\" class=\"bt_bb_content_slider_item bt_bb_background_overlay_dark_solid bt_bb_hidden_ms\" style=\";background-image:url(https:\/\/airpak.com\/mx\/wp-content\/uploads\/sites\/8\/2021\/08\/compress.jpg)\"><div class=\"bt_bb_content_slider_item_content content\"><div  class=\"bt_bb_row_inner\" ><div  class=\"bt_bb_column_inner col-md-6 col-sm-12 bt_bb_align_left bt_bb_vertical_align_top bt_bb_animation_fade_in zoom_out animate bt_bb_padding_double\"  data-width=\"6\"><div class=\"bt_bb_column_inner_content\"><div class=\"bt_bb_separator bt_bb_top_spacing_normal bt_bb_bottom_spacing_small bt_bb_border_style_none bt_bb_hidden_sm bt_bb_hidden_md bt_bb_hidden_lg\"><\/div><div class=\"bt_bb_separator bt_bb_bottom_spacing_normal bt_bb_border_style_none\"><\/div><div class=\"bt_bb_separator bt_bb_top_spacing_medium bt_bb_bottom_spacing_large bt_bb_border_style_none\"><\/div><header class=\"bt_bb_headline bt_bb_font_weight_normal bt_bb_color_scheme_6 bt_bb_dash_top bt_bb_size_large bt_bb_superheadline bt_bb_align_inherit\"><div class=\"bt_bb_headline_superheadline_outside\"><span class=\"bt_bb_headline_superheadline\">Env\u00edos y pagos de<\/span><\/div><h1 style=\"font-size:3.20rem\"><span class=\"bt_bb_headline_content\"><span>dinero nacionales e<br \/>\r\n<strong>internacionales <\/strong><\/span><\/span><\/h1><\/header><div class=\"bt_bb_separator bt_bb_top_spacing_medium bt_bb_bottom_spacing_medium bt_bb_border_style_none\"><\/div><div class=\"bt_bb_separator bt_bb_top_spacing_normal bt_bb_bottom_spacing_large bt_bb_border_style_none\"><\/div><div class=\"bt_bb_separator bt_bb_bottom_spacing_medium bt_bb_border_style_none\"><\/div><\/div><\/div><div  class=\"bt_bb_column_inner col-md-6 col-sm-12 bt_bb_align_center bt_bb_vertical_align_top bt_bb_animation_fade_in animate bt_bb_padding_double\"  data-width=\"6\"><div class=\"bt_bb_column_inner_content\"><\/div><\/div><\/div><\/div><\/div><div id=\"overlay__header\" class=\"bt_bb_content_slider_item bt_bb_background_overlay_dark_solid\" style=\";background-image:url(https:\/\/airpak.com\/mx\/wp-content\/uploads\/sites\/8\/2020\/10\/SERVICIO3-1.jpg)\"><div class=\"bt_bb_content_slider_item_content content\"><div  class=\"bt_bb_row_inner\" ><div  class=\"bt_bb_column_inner col-md-6 col-sm-12 bt_bb_align_left bt_bb_vertical_align_top bt_bb_animation_fade_in zoom_out animate bt_bb_padding_double\"  data-width=\"6\"><div class=\"bt_bb_column_inner_content\"><div class=\"bt_bb_separator bt_bb_top_spacing_normal bt_bb_bottom_spacing_small bt_bb_border_style_none bt_bb_hidden_sm bt_bb_hidden_md bt_bb_hidden_lg\"><\/div><div class=\"bt_bb_separator bt_bb_bottom_spacing_normal bt_bb_border_style_none\"><\/div><div class=\"bt_bb_separator bt_bb_top_spacing_large bt_bb_bottom_spacing_medium bt_bb_border_style_none\"><\/div><header class=\"bt_bb_headline bt_bb_font_weight_normal bt_bb_color_scheme_6 bt_bb_dash_top bt_bb_size_large bt_bb_superheadline bt_bb_align_inherit\"><div class=\"bt_bb_headline_superheadline_outside\"><span class=\"bt_bb_headline_superheadline\">Pago de servicios<\/span><\/div><h1 style=\"font-size:3.20rem\"><span class=\"bt_bb_headline_content\"><span> b\u00e1sicos y recargas<br \/>\r\n<strong>telef\u00f3nicas<\/strong><\/span><\/span><\/h1><\/header><div class=\"bt_bb_separator bt_bb_top_spacing_medium bt_bb_bottom_spacing_medium bt_bb_border_style_none\"><\/div><div class=\"bt_bb_separator bt_bb_top_spacing_normal bt_bb_bottom_spacing_large bt_bb_border_style_none\"><\/div><div class=\"bt_bb_separator bt_bb_bottom_spacing_medium bt_bb_border_style_none\"><\/div><\/div><\/div><div  class=\"bt_bb_column_inner col-md-6 col-sm-12 bt_bb_align_center bt_bb_vertical_align_top bt_bb_animation_fade_in animate bt_bb_padding_double\"  data-width=\"6\"><div class=\"bt_bb_column_inner_content\"><\/div><\/div><\/div><\/div><\/div><\/div><\/div><\/div><\/div><\/div><\/div><\/div><\/div><\/div><div class=\"bt_bb_section_bottom_section_coverage_image\"><img src=\"https:\/\/airpak.com\/mx\/wp-content\/uploads\/sites\/8\/2019\/03\/bgn-triangle-bottom.png\" alt=\"bt_bb_section_bottom_section_coverage_image\" \/><\/div><\/section><section id=\"bt_bb_section6a05e36c54a4e\"  class=\"bt_bb_section bt_bb_layout_boxed_1200 bt_bb_vertical_align_top bt_bb_hidden_xs bt_bb_hidden_ms bt_bb_hidden_sm bt_bb_hidden_md bt_bb_hidden_lg bt_bb_section_show_right_boxed_content\" ><div class=\"bt_bb_port\"><div class=\"bt_bb_cell\"><div class=\"bt_bb_cell_inner\"><div class=\"bt_bb_row_wrapper\"><div  class=\"bt_bb_row\" ><div  class=\"bt_bb_column col-md-6 col-sm-12 bt_bb_align_left bt_bb_vertical_align_top bt_bb_padding_normal btLazyLoadBackground bt_bb_column_background_image bt_bb_mobile_align_to_both_edges bt_bb_hidden_xs bt_bb_hidden_ms bt_bb_hidden_sm\" style=\"background-image:url(&#039;https:\/\/airpak.com\/mx\/wp-content\/plugins\/bold-page-builder\/img\/blank.gif&#039;);background-position:70% center;\" data-background_image_src='https:\/\/airpak.com\/mx\/wp-content\/uploads\/sites\/8\/2020\/03\/Airpak-127053-scaled.jpg' data-width=\"6\"><div class=\"bt_bb_column_content\"><div class=\"bt_bb_separator bt_bb_top_spacing_extra_large bt_bb_bottom_spacing_medium bt_bb_border_style_none\"><\/div><\/div><\/div><div  class=\"bt_bb_column col-md-6 col-sm-12 bt_bb_align_left bt_bb_vertical_align_top bt_bb_animation_fade_in zoom_out animate bt_bb_padding_double\"  data-width=\"6\"><div class=\"bt_bb_column_content\"><div class=\"bt_bb_separator bt_bb_top_spacing_medium bt_bb_bottom_spacing_medium bt_bb_border_style_none\"><\/div><div class=\"bt_bb_separator bt_bb_top_spacing_medium bt_bb_bottom_spacing_medium bt_bb_border_style_none bt_bb_hidden_xs bt_bb_hidden_ms bt_bb_hidden_sm\"><\/div><header class=\"bt_bb_headline bt_bb_font_weight_normal bt_bb_dash_top bt_bb_size_large bt_bb_superheadline bt_bb_align_inherit\"><div class=\"bt_bb_headline_superheadline_outside\"><span class=\"bt_bb_headline_superheadline\">Pago de <\/span><\/div><h1 style=\"font-size:3.25rem\"><span class=\"bt_bb_headline_content\"><span>servicios b\u00e1sicos y<br \/>\r\n<strong><b>recargas telef\u00f3nicas<\/b><\/strong><\/span><\/span><\/h1><\/header><div class=\"bt_bb_separator bt_bb_top_spacing_medium bt_bb_border_style_none\"><\/div><div class=\"bt_bb_button bt_bb_icon_position_left bt_bb_color_scheme_6 bt_bb_style_filled bt_bb_size_small bt_bb_width_inline bt_bb_shape_inherit bt_bb_align_inherit bt_bb_hidden_xs bt_bb_hidden_ms bt_bb_hidden_sm bt_bb_hidden_md bt_bb_hidden_lg\"><a href=\"#\" target=\"_blank\" class=\"bt_bb_link\" title=\"Hacer recarga\"><span class=\"bt_bb_button_text\">Hacer recarga<\/span><\/a><\/div><div class=\"bt_bb_separator bt_bb_top_spacing_large bt_bb_bottom_spacing_normal bt_bb_border_style_none\"><\/div><\/div><\/div><\/div><\/div><div class=\"bt_bb_row_wrapper\"><div  class=\"bt_bb_row\" ><div  class=\"bt_bb_column col-md-12 col-ms-12 bt_bb_align_left bt_bb_vertical_align_top bt_bb_padding_normal btLazyLoadBackground bt_bb_column_background_image bt_bb_mobile_align_to_both_edges bt_bb_hidden_md bt_bb_hidden_lg\" style=\"background-image:url(&#039;https:\/\/airpak.com\/mx\/wp-content\/plugins\/bold-page-builder\/img\/blank.gif&#039;);background-position:70% center;\" data-background_image_src='https:\/\/airpak.com\/mx\/wp-content\/uploads\/sites\/8\/2020\/03\/Airpak-127053-scaled.jpg' data-width=\"12\"><div class=\"bt_bb_column_content\"><div class=\"bt_bb_separator bt_bb_top_spacing_extra_large bt_bb_bottom_spacing_extra_large bt_bb_border_style_none\"><\/div><div class=\"bt_bb_separator bt_bb_top_spacing_extra_large bt_bb_bottom_spacing_extra_large bt_bb_border_style_none\"><\/div><\/div><\/div><\/div><\/div><\/div><\/div><\/div><\/section><section id=\"EnviosInternacionales\"  class=\"bt_bb_section bt_bb_layout_boxed_1200 bt_bb_vertical_align_top bt_bb_section_show_boxed_content\" ><div class=\"bt_bb_port\"><div class=\"bt_bb_cell\"><div class=\"bt_bb_cell_inner\"><div class=\"bt_bb_row_wrapper\"><div  class=\"bt_bb_row\" ><div  class=\"bt_bb_column col-md-12 col-ms-12 bt_bb_align_left bt_bb_vertical_align_top bt_bb_animation_fade_in zoom_out animate bt_bb_padding_double\"  data-width=\"12\"><div class=\"bt_bb_column_content\"><div class=\"bt_bb_separator bt_bb_top_spacing_medium bt_bb_bottom_spacing_medium bt_bb_border_style_none\"><\/div><header id=\"EnviosInter\" class=\"bt_bb_headline bt_bb_font_weight_normal bt_bb_dash_top bt_bb_size_large bt_bb_align_center\"><h1 style=\"font-size:3.25rem\"><span class=\"bt_bb_headline_content\"><span><strong><b>Env\u00edos Internacionales<\/b><\/strong><\/span><\/span><\/h1><\/header><div class=\"bt_bb_separator bt_bb_top_spacing_medium bt_bb_border_style_none\"><\/div><div  class=\"bt_bb_text\" ><h6>Env\u00eda dinero a m\u00e1s de 200 pa\u00edses y territorios del mundo, desde cualquiera de los m\u00e1s de 2000 puntos de la red AirPak en toda la Rep\u00fablica Mexicana.<\/h6>\n<p style=\"font-size: large;\"><strong>Tambi\u00e9n puedes enviar dinero directo a la cuenta bancaria de tu familiar, servicio disponible con Western Union a los siguientes pa\u00edses:<\/strong><\/p>\n<\/div><div class=\"bt_bb_separator bt_bb_top_spacing_normal bt_bb_bottom_spacing_medium bt_bb_border_style_none\"><\/div><div class=\"bt_bb_image bt_bb_shape_square bt_bb_align_inherit bt_bb_hover_style_simple bt_bb_content_display_always bt_bb_content_align_middle\"><span><img src = \"https:\/\/airpak.com\/mx\/wp-content\/plugins\/bold-page-builder\/img\/blank.gif\" data-full_image_src=\"https:\/\/airpak.com\/mx\/wp-content\/uploads\/sites\/8\/2021\/08\/flagsnamw.jpg\" data-image_src=\"https:\/\/airpak.com\/mx\/wp-content\/uploads\/sites\/8\/2021\/08\/flagsnamw.jpg\" title=\"flagsnamw\" alt=\"https:\/\/airpak.com\/mx\/wp-content\/uploads\/sites\/8\/2021\/08\/flagsnamw.jpg\" class=\"btLazyLoadImage\"><\/span><\/div><div class=\"bt_bb_separator bt_bb_top_spacing_medium bt_bb_bottom_spacing_medium bt_bb_border_style_none\"><\/div><div  class=\"bt_bb_text\" ><h6 style=\"text-align: center;\"><strong>Para m\u00e1s informaci\u00f3n visita:\u00a0<a href=\"https:\/\/enviosdirectoabanco.com\/mx\/\" target=\"_blank\" rel=\"noopener noreferrer\" data-saferedirecturl=\"https:\/\/www.google.com\/url?q=https:\/\/enviosdirectoabanco.com\/mx\/&amp;source=gmail&amp;ust=1629339219907000&amp;usg=AFQjCNFbTxRaw-2TZZKrKEdxjJE2rPGRyQ\">https:\/\/enviosdirectoabanco.<wbr \/>com\/mx\/<\/a><\/strong><\/h6>\n<\/div><div class=\"bt_bb_separator bt_bb_top_spacing_medium bt_bb_bottom_spacing_medium bt_bb_border_style_none\"><\/div><\/div><\/div><\/div><\/div><div class=\"bt_bb_row_wrapper\"><div  class=\"bt_bb_row\" ><div  class=\"bt_bb_column col-md-12 col-ms-12 bt_bb_align_left bt_bb_vertical_align_top bt_bb_padding_normal\"  data-width=\"12\"><div class=\"bt_bb_column_content\"><\/div><\/div><\/div><\/div><div class=\"bt_bb_row_wrapper\"><div  class=\"bt_bb_row\" ><div  class=\"bt_bb_column col-md-12 col-ms-12 bt_bb_align_left bt_bb_vertical_align_top bt_bb_padding_normal\"  data-width=\"12\"><div class=\"bt_bb_column_content\"><\/div><\/div><\/div><\/div><\/div><\/div><\/div><\/section><section id=\"bt_bb_section6a05e36c55872\"  class=\"bt_bb_section bt_bb_layout_boxed_1200\" ><div class=\"bt_bb_port\"><div class=\"bt_bb_cell\"><div class=\"bt_bb_cell_inner\"><div class=\"bt_bb_row_wrapper\"><div  class=\"bt_bb_row\" ><div  class=\"bt_bb_column col-md-12 col-ms-12 bt_bb_align_left bt_bb_vertical_align_top bt_bb_padding_normal\"  data-width=\"12\"><div class=\"bt_bb_column_content\"><div class=\"bt_bb_separator bt_bb_top_spacing_large bt_bb_border_style_none\"><\/div><header class=\"bt_bb_headline bt_bb_font_weight_normal bt_bb_dash_top bt_bb_size_large bt_bb_subheadline bt_bb_align_center\"><h1 style=\"font-size:3.25rem\"><span class=\"bt_bb_headline_content\"><span><strong><b>Recibe dinero en efectivo<\/b><\/strong><\/span><\/span><\/h1><div class=\"bt_bb_headline_subheadline\">Puedes recibir tu dinero de forma r\u00e1pida y confiable en cualquiera de los puntos de pago de la red de Airpak.<\/div><\/header><div class=\"bt_bb_separator bt_bb_top_spacing_large bt_bb_border_style_none\"><\/div><\/div><\/div><\/div><\/div><div class=\"bt_bb_row_wrapper\"><div  class=\"bt_bb_row\" ><div  class=\"bt_bb_column col-md-6 col-sm-12 bt_bb_align_center bt_bb_vertical_align_top bt_bb_padding_normal\"  data-width=\"6\"><div class=\"bt_bb_column_content\"><div class=\"bt_bb_icon bt_bb_color_scheme_4 bt_bb_style_outline bt_bb_size_large bt_bb_shape_circle bt_bb_align_inherit\"><span  data-ico-fontawesome=\"&#xf1d9;\" class=\"bt_bb_icon_holder\"><\/span><\/div><div class=\"bt_bb_separator bt_bb_top_spacing_normal bt_bb_border_style_none\"><\/div><header class=\"bt_bb_headline bt_bb_dash_none bt_bb_size_inherit bt_bb_subheadline bt_bb_align_inherit\"><h4><span class=\"bt_bb_headline_content\"><span><b>Env\u00edos Nacionales<\/b><\/span><\/span><\/h4><div class=\"bt_bb_headline_subheadline\">Puedes Enviar y Recibir dinero de forma f\u00e1cil y segura desde cualquier parte de la Rep\u00fablica Mexicana.<\/div><\/header><div class=\"bt_bb_separator bt_bb_top_spacing_small bt_bb_bottom_spacing_normal bt_bb_border_style_none bt_bb_hidden_xs bt_bb_hidden_ms\"><\/div><div class=\"bt_bb_image bt_bb_shape_square bt_bb_align_inherit bt_bb_hover_style_simple bt_bb_content_display_always bt_bb_content_align_middle\"><a href=\"https:\/\/airpak.com\/envialana\/\"  target=\"_blank\" title=\"marca-4\"><img src = \"https:\/\/airpak.com\/mx\/wp-content\/plugins\/bold-page-builder\/img\/blank.gif\" data-full_image_src=\"https:\/\/airpak.com\/mx\/wp-content\/uploads\/sites\/8\/2020\/09\/marca-4.png\" data-image_src=\"https:\/\/airpak.com\/mx\/wp-content\/uploads\/sites\/8\/2020\/09\/marca-4.png\" title=\"marca-4\" alt=\"https:\/\/airpak.com\/mx\/wp-content\/uploads\/sites\/8\/2020\/09\/marca-4.png\" class=\"btLazyLoadImage\"><\/a><\/div><\/div><\/div><div  class=\"bt_bb_column col-md-6 col-sm-12 bt_bb_align_center bt_bb_vertical_align_top bt_bb_padding_normal\"  data-width=\"6\"><div class=\"bt_bb_column_content\"><div class=\"bt_bb_icon bt_bb_color_scheme_4 bt_bb_style_outline bt_bb_size_large bt_bb_shape_circle bt_bb_align_inherit\"><span  data-ico-economy=\"&#xe908;\" class=\"bt_bb_icon_holder\"><\/span><\/div><div class=\"bt_bb_separator bt_bb_top_spacing_normal bt_bb_border_style_none\"><\/div><header class=\"bt_bb_headline bt_bb_dash_none bt_bb_size_inherit bt_bb_subheadline bt_bb_align_inherit\"><h4><span class=\"bt_bb_headline_content\"><span><b>Pago de servicios y venta de tiempo aire:<\/b><\/span><\/span><\/h4><div class=\"bt_bb_headline_subheadline\">Pago de Servicios y Venta de tiempo Aire: Para tu comodidad contamos con los m\u00e1s importantes Servicios y proveedores de Recargas de tiempo aire del mercado.<\/div><\/header><div class=\"bt_bb_image bt_bb_shape_square bt_bb_align_inherit bt_bb_hover_style_simple bt_bb_content_display_always bt_bb_content_align_middle\"><span><img src = \"https:\/\/airpak.com\/mx\/wp-content\/plugins\/bold-page-builder\/img\/blank.gif\" data-full_image_src=\"https:\/\/airpak.com\/mx\/wp-content\/uploads\/sites\/8\/2020\/09\/servicios.png\" data-image_src=\"https:\/\/airpak.com\/mx\/wp-content\/uploads\/sites\/8\/2020\/09\/servicios.png\" title=\"servicios\" alt=\"https:\/\/airpak.com\/mx\/wp-content\/uploads\/sites\/8\/2020\/09\/servicios.png\" class=\"btLazyLoadImage\"><\/span><\/div><\/div><\/div><\/div><\/div><div class=\"bt_bb_row_wrapper\"><div  class=\"bt_bb_row\" ><div  class=\"bt_bb_column col-md-12 col-ms-12 bt_bb_align_left bt_bb_vertical_align_top bt_bb_padding_normal\"  data-width=\"12\"><div class=\"bt_bb_column_content\"><div class=\"bt_bb_separator bt_bb_top_spacing_large bt_bb_border_style_none\"><\/div><\/div><\/div><\/div><\/div><\/div><\/div><\/div><\/section><\/div>","protected":false},"excerpt":{"rendered":"","protected":false},"author":1,"featured_media":0,"parent":0,"menu_order":0,"comment_status":"closed","ping_status":"closed","template":"","meta":[],"yoast_head":"<!-- This site is optimized with the Yoast SEO plugin v15.2.1 - https:\/\/yoast.com\/wordpress\/plugins\/seo\/ -->\n<title>Servicios | AirPak M\u00e9xico<\/title>\n<meta name=\"robots\" content=\"index, follow, max-snippet:-1, max-image-preview:large, max-video-preview:-1\" \/>\n<link rel=\"canonical\" href=\"https:\/\/airpak.com\/mx\/servicios\/\" \/>\n<meta property=\"og:locale\" content=\"es_ES\" \/>\n<meta property=\"og:type\" content=\"article\" \/>\n<meta property=\"og:title\" content=\"Servicios | AirPak M\u00e9xico\" \/>\n<meta property=\"og:url\" content=\"https:\/\/airpak.com\/mx\/servicios\/\" \/>\n<meta property=\"og:site_name\" content=\"AirPak M\u00e9xico\" \/>\n<meta property=\"article:publisher\" content=\"https:\/\/www.facebook.com\/AirPakMex\/\" \/>\n<meta property=\"article:modified_time\" content=\"2024-07-11T23:45:29+00:00\" \/>\n<meta name=\"twitter:card\" content=\"summary_large_image\" \/>\n<meta name=\"twitter:label1\" content=\"Escrito por\">\n\t<meta name=\"twitter:data1\" content=\"EdelmaReyes\">\n\t<meta name=\"twitter:label2\" content=\"Tiempo de lectura\">\n\t<meta name=\"twitter:data2\" content=\"11 minutos\">\n<script type=\"application\/ld+json\" class=\"yoast-schema-graph\">{\"@context\":\"https:\/\/schema.org\",\"@graph\":[{\"@type\":\"WebSite\",\"@id\":\"https:\/\/airpak.com\/mx\/#website\",\"url\":\"https:\/\/airpak.com\/mx\/\",\"name\":\"AirPak M\\u00e9xico\",\"description\":\"Env\\u00edos que nos unen\",\"potentialAction\":[{\"@type\":\"SearchAction\",\"target\":\"https:\/\/airpak.com\/mx\/?s={search_term_string}\",\"query-input\":\"required name=search_term_string\"}],\"inLanguage\":\"es\"},{\"@type\":\"WebPage\",\"@id\":\"https:\/\/airpak.com\/mx\/servicios\/#webpage\",\"url\":\"https:\/\/airpak.com\/mx\/servicios\/\",\"name\":\"Servicios | AirPak M\\u00e9xico\",\"isPartOf\":{\"@id\":\"https:\/\/airpak.com\/mx\/#website\"},\"datePublished\":\"2020-09-30T15:32:15+00:00\",\"dateModified\":\"2024-07-11T23:45:29+00:00\",\"inLanguage\":\"es\",\"potentialAction\":[{\"@type\":\"ReadAction\",\"target\":[\"https:\/\/airpak.com\/mx\/servicios\/\"]}]}]}<\/script>\n<!-- \/ Yoast SEO plugin. -->","_links":{"self":[{"href":"https:\/\/airpak.com\/mx\/wp-json\/wp\/v2\/pages\/3270"}],"collection":[{"href":"https:\/\/airpak.com\/mx\/wp-json\/wp\/v2\/pages"}],"about":[{"href":"https:\/\/airpak.com\/mx\/wp-json\/wp\/v2\/types\/page"}],"author":[{"embeddable":true,"href":"https:\/\/airpak.com\/mx\/wp-json\/wp\/v2\/users\/1"}],"replies":[{"embeddable":true,"href":"https:\/\/airpak.com\/mx\/wp-json\/wp\/v2\/comments?post=3270"}],"version-history":[{"count":108,"href":"https:\/\/airpak.com\/mx\/wp-json\/wp\/v2\/pages\/3270\/revisions"}],"predecessor-version":[{"id":108575,"href":"https:\/\/airpak.com\/mx\/wp-json\/wp\/v2\/pages\/3270\/revisions\/108575"}],"wp:attachment":[{"href":"https:\/\/airpak.com\/mx\/wp-json\/wp\/v2\/media?parent=3270"}],"curies":[{"name":"wp","href":"https:\/\/api.w.org\/{rel}","templated":true}]}}