{"id":2586,"date":"2020-03-25T22:38:48","date_gmt":"2020-03-25T21:38:48","guid":{"rendered":"https:\/\/airpak.com\/mx\/?page_id=2586"},"modified":"2020-07-14T22:00:15","modified_gmt":"2020-07-14T20:00:15","slug":"recibe-dinero","status":"publish","type":"page","link":"https:\/\/airpak.com\/mx\/recibe-dinero\/","title":{"rendered":"Recibir dinero"},"content":{"rendered":"<div class=\"bt_bb_wrapper\"><section id=\"overlay__header\"  data-background_image_src=\"'https:\/\/airpak.com\/mx\/wp-content\/uploads\/sites\/8\/2020\/07\/hero-quienes-somos-scaled.jpg'\" class=\"bt_bb_section bt_bb_top_spacing_large bt_bb_color_scheme_1 bt_bb_layout_boxed_1200 bt_bb_vertical_align_top btLazyLoadBackground bt_bb_background_image bt_bb_background_overlay_dark_solid bt_bb_section_with_bottom_coverage_image\" style=\"background-image:url(&#039;https:\/\/airpak.com\/mx\/wp-content\/plugins\/bold-page-builder\/img\/blank.gif&#039;);background-color: transparent;\"><div class=\"bt_bb_port\"><div class=\"bt_bb_cell\"><div class=\"bt_bb_cell_inner\"><div class=\"bt_bb_row_wrapper\"><div  class=\"bt_bb_row bt_bb_column_gap_40\" ><div  class=\"bt_bb_column col-md-6 col-sm-12 bt_bb_align_left bt_bb_vertical_align_middle bt_bb_animation_fade_in zoom_out animate bt_bb_padding_normal\"  data-width=\"6\"><div class=\"bt_bb_column_content\"><div class=\"bt_bb_separator bt_bb_top_spacing_normal bt_bb_bottom_spacing_normal bt_bb_border_style_none bt_bb_hidden_xs bt_bb_hidden_ms bt_bb_hidden_sm\"><\/div><header class=\"bt_bb_headline bt_bb_font_weight_normal bt_bb_dash_top bt_bb_size_large bt_bb_superheadline bt_bb_subheadline bt_bb_align_inherit\"><div class=\"bt_bb_headline_superheadline_outside\"><span class=\"bt_bb_headline_superheadline\">Recibe dinero<\/span><\/div><h1 style=\"font-size:3.25rem\"><span class=\"bt_bb_headline_content\"><span>Desde cualquier<br \/>\r\n<strong>parte del mundo<\/strong><\/span><\/span><\/h1><div class=\"bt_bb_headline_subheadline\">Con AirPak puede recibir dinero desde cualquier parte del territorio nacional y desde m\u00e1s de 200 pa\u00edses alrededor del mundo de la forma m\u00e1s conveniente y confiable.<\/div><\/header><div class=\"bt_bb_separator bt_bb_top_spacing_medium bt_bb_border_style_none\"><\/div><div class=\"bt_bb_separator bt_bb_top_spacing_large bt_bb_bottom_spacing_large bt_bb_border_style_none bt_bb_hidden_xs bt_bb_hidden_ms\"><\/div><\/div><\/div><div  class=\"bt_bb_column col-md-6 col-sm-12 bt_bb_align_center bt_bb_vertical_align_top bt_bb_animation_fade_in animate bt_bb_padding_double\"  data-width=\"6\"><div class=\"bt_bb_column_content\"><div class=\"bt_bb_separator bt_bb_top_spacing_large bt_bb_bottom_spacing_normal bt_bb_border_style_none bt_bb_hidden_xs bt_bb_hidden_ms bt_bb_hidden_sm\"><\/div><div class=\"bt_bb_button bt_bb_icon_position_left bt_bb_color_scheme_4 bt_bb_style_filled bt_bb_size_normal bt_bb_width_inline bt_bb_shape_inherit bt_bb_align_inherit\"><a href=\"https:\/\/www.airpak.com?ReturnUrl=\/Home\" target=\"_blank\" class=\"bt_bb_link\" title=\"Recibir Dinero\"><span class=\"bt_bb_button_text\">Recibir Dinero<\/span><\/a><\/div><div class=\"bt_bb_separator bt_bb_top_spacing_normal bt_bb_bottom_spacing_normal bt_bb_border_style_none bt_bb_hidden_md bt_bb_hidden_lg\"><\/div><\/div><\/div><\/div><\/div><\/div><\/div><\/div><div class=\"bt_bb_section_bottom_section_coverage_image\"><img src=\"https:\/\/airpak.com\/mx\/wp-content\/uploads\/sites\/8\/2019\/03\/bgn-triangle-bottom.png\" alt=\"bt_bb_section_bottom_section_coverage_image\" \/><\/div><\/section><section id=\"bt_bb_section69d19f0c10053\"  class=\"bt_bb_section bt_bb_layout_boxed_1200\" ><div class=\"bt_bb_port\"><div class=\"bt_bb_cell\"><div class=\"bt_bb_cell_inner\"><div class=\"bt_bb_row_wrapper\"><div  class=\"bt_bb_row\" ><div  class=\"bt_bb_column col-md-12 col-ms-12 bt_bb_align_left bt_bb_vertical_align_top bt_bb_padding_normal\"  data-width=\"12\"><div class=\"bt_bb_column_content\"><div class=\"bt_bb_separator bt_bb_bottom_spacing_medium bt_bb_border_style_none\"><\/div><\/div><\/div><\/div><\/div><div class=\"bt_bb_row_wrapper\"><div  class=\"bt_bb_row\" ><div  class=\"bt_bb_column col-md-8 col-ms-12 bt_bb_align_left bt_bb_vertical_align_top bt_bb_padding_normal\"  data-width=\"8\"><div class=\"bt_bb_column_content\"><header class=\"bt_bb_headline bt_bb_color_scheme_4 bt_bb_dash_none bt_bb_size_small bt_bb_align_inherit\"><h1><span class=\"bt_bb_headline_content\"><span>Para recibir su dinero en l\u00ednea debe tener a mano la siguiente informaci\u00f3n:<\/span><\/span><\/h1><\/header><div class=\"bt_bb_separator bt_bb_bottom_spacing_normal bt_bb_border_style_none\"><\/div><div  class=\"bt_bb_row_inner\" ><div  class=\"bt_bb_column_inner col-md-4 col-ms-12 bt_bb_align_left bt_bb_vertical_align_top\"  data-width=\"4\"><div class=\"bt_bb_column_inner_content\"><div class=\"bt_bb_icon bt_bb_style_borderless bt_bb_size_normal bt_bb_shape_circle bt_bb_align_inherit\"><span  data-ico-customerservice=\"&#xe91a;\" class=\"bt_bb_icon_holder\"><span>N\u00famero de control de transacci\u00f3n (MTCN) o c\u00f3digo de transferencia.<\/span><\/span><\/div><div class=\"bt_bb_separator bt_bb_bottom_spacing_normal bt_bb_border_style_none\"><\/div><\/div><\/div><div  class=\"bt_bb_column_inner col-md-4 col-ms-12 bt_bb_align_left bt_bb_vertical_align_top\"  data-width=\"4\"><div class=\"bt_bb_column_inner_content\"><div class=\"bt_bb_icon bt_bb_style_borderless bt_bb_size_normal bt_bb_shape_circle bt_bb_align_inherit\"><span  data-ico-analyticsandinvestment=\"&#xe908;\" class=\"bt_bb_icon_holder\"><span>Nombres y apellidos de la persona que le env\u00eda dinero.<\/span><\/span><\/div><div class=\"bt_bb_separator bt_bb_bottom_spacing_normal bt_bb_border_style_none\"><\/div><\/div><\/div><div  class=\"bt_bb_column_inner col-md-4 col-ms-12 bt_bb_align_left bt_bb_vertical_align_top\"  data-width=\"4\"><div class=\"bt_bb_column_inner_content\"><div class=\"bt_bb_icon bt_bb_style_borderless bt_bb_size_normal bt_bb_shape_circle bt_bb_align_inherit\"><span  data-ico-businesspeople=\"&#xe911;\" class=\"bt_bb_icon_holder\"><span>Ciudad y pa\u00eds de donde recibe el dinero.<\/span><\/span><\/div><div class=\"bt_bb_separator bt_bb_bottom_spacing_normal bt_bb_border_style_none\"><\/div><\/div><\/div><\/div><div  class=\"bt_bb_row_inner\" ><div  class=\"bt_bb_column_inner col-md-4 col-ms-12 bt_bb_align_left bt_bb_vertical_align_top\"  data-width=\"4\"><div class=\"bt_bb_column_inner_content\"><div class=\"bt_bb_icon bt_bb_style_borderless bt_bb_size_normal bt_bb_shape_circle bt_bb_align_inherit\"><span  data-ico-taxesaccounting=\"&#xe917;\" class=\"bt_bb_icon_holder\"><span>Monto a Recibir.<\/span><\/span><\/div><div class=\"bt_bb_separator bt_bb_bottom_spacing_normal bt_bb_border_style_none\"><\/div><\/div><\/div><div  class=\"bt_bb_column_inner col-md-8 col-ms-12 bt_bb_align_left bt_bb_vertical_align_top\"  data-width=\"8\"><div class=\"bt_bb_column_inner_content\"><div class=\"bt_bb_icon bt_bb_style_borderless bt_bb_size_normal bt_bb_shape_circle bt_bb_align_inherit\"><span  data-ico-business=\"&#xf147;\" class=\"bt_bb_icon_holder\"><span>N\u00famero de tarjeta de cuenta bancaria que quiere usar acreditar su dinero en caso de querer hacerlo completamente en l\u00ednea.<\/span><\/span><\/div><div class=\"bt_bb_separator bt_bb_bottom_spacing_normal bt_bb_border_style_none\"><\/div><\/div><\/div><\/div><div  class=\"bt_bb_text\" ><p>Tambi\u00e9n le puede interesar:<\/p>\n<ul>\n<li><a href=\"https:\/\/airpak.com\/mx\/preguntas-frecuentes\/\">\u00bfC\u00f3mo enviar y\/o recibir dinero desde un punto de venta f\u00edsico?<\/a><\/li>\n<\/ul>\n<\/div><\/div><\/div><div  class=\"bt_bb_column col-md-4 col-ms-12 bt_bb_align_left bt_bb_vertical_align_top bt_bb_padding_normal\"  data-width=\"4\"><div class=\"bt_bb_column_content\"><header class=\"bt_bb_headline bt_bb_color_scheme_4 bt_bb_dash_none bt_bb_size_inherit bt_bb_align_center\"><h4><span class=\"bt_bb_headline_content\"><span>Reciba su dinero de:<\/span><\/span><\/h4><\/header><div class=\"bt_bb_content_slider bt_bb_gap_no_gap bt_bb_arrows_size_small bt_bb_arrows_style_transparent_light bt_bb_show_dots_bottom bt_bb_dots_style_light_dot bt_bb_height_auto bt_bb_animation_slide\"><div class=\"slick-slider\"  data-slick='{ \"lazyLoad\": \"progressive\", \"cssEase\": \"ease-out\", \"speed\": \"600\", \"prevArrow\": \"&lt;button type=\\\"button\\\" class=\\\"slick-prev\\\"&gt;\", \"nextArrow\": \"&lt;button type=\\\"button\\\" class=\\\"slick-next\\\"&gt;\", \"adaptiveHeight\": true, \"dots\": true,\"autoplay\": true, \"autoplaySpeed\": 3000}' ><div class=\"bt_bb_content_slider_item\" style=\"\"><div class=\"bt_bb_content_slider_item_content content\"><div class=\"bt_bb_image bt_bb_shape_square bt_bb_align_inherit bt_bb_hover_style_simple bt_bb_content_display_always bt_bb_content_align_middle\"><a href=\"https:\/\/www.airpak.com?ReturnUrl=\/Home\"  target=\"_blank\" title=\"Reciba su dinero de Western Union\"><img src = \"https:\/\/airpak.com\/mx\/wp-content\/plugins\/bold-page-builder\/img\/blank.gif\" data-full_image_src=\"https:\/\/airpak.com\/mx\/wp-content\/uploads\/sites\/8\/2020\/05\/WU-2.jpg\" data-image_src=\"https:\/\/airpak.com\/mx\/wp-content\/uploads\/sites\/8\/2020\/05\/WU-2.jpg\" title=\"Reciba su dinero de Western Union\" alt=\"Reciba su dinero de Western Union\" class=\"btLazyLoadImage\"><\/a><\/div><\/div><\/div><div class=\"bt_bb_content_slider_item\" style=\"\"><div class=\"bt_bb_content_slider_item_content content\"><div class=\"bt_bb_image bt_bb_shape_square bt_bb_align_inherit bt_bb_hover_style_simple bt_bb_content_display_always bt_bb_content_align_middle\"><span><img src = \"https:\/\/airpak.com\/mx\/wp-content\/plugins\/bold-page-builder\/img\/blank.gif\" data-full_image_src=\"https:\/\/airpak.com\/mx\/wp-content\/uploads\/sites\/8\/2020\/05\/transfast.jpg\" data-image_src=\"https:\/\/airpak.com\/mx\/wp-content\/uploads\/sites\/8\/2020\/05\/transfast.jpg\" title=\"transfast\" alt=\"https:\/\/airpak.com\/mx\/wp-content\/uploads\/sites\/8\/2020\/05\/transfast.jpg\" class=\"btLazyLoadImage\"><\/span><\/div><\/div><\/div><\/div><\/div><\/div><\/div><\/div><\/div><\/div><\/div><\/div><\/section><section id=\"bt_bb_section69d19f0c10cb8\"  class=\"bt_bb_section bt_bb_top_spacing_normal bt_bb_bottom_spacing_normal bt_bb_layout_boxed_1200 bt_bb_vertical_align_top\" ><div class=\"bt_bb_port\"><div class=\"bt_bb_cell\"><div class=\"bt_bb_cell_inner\"><div class=\"bt_bb_row_wrapper\"><div  class=\"bt_bb_row\" ><div  class=\"bt_bb_column col-md-12 col-ms-12 bt_bb_align_left bt_bb_vertical_align_top bt_bb_animation_fade_in animate bt_bb_padding_normal\"  data-width=\"12\"><div class=\"bt_bb_column_content\"><div class=\"bt_bb_separator bt_bb_bottom_spacing_normal bt_bb_border_style_none\"><\/div><header class=\"bt_bb_headline bt_bb_color_scheme_4 bt_bb_dash_none bt_bb_size_small bt_bb_subheadline bt_bb_align_inherit\"><h4><span class=\"bt_bb_headline_content\"><span>Suscr\u00edbete a nuestro bolet\u00edn<\/span><\/span><\/h4><div class=\"bt_bb_headline_subheadline\">Suscr\u00edbase para recibir notificaciones sobre nuestro servicio.<\/div><\/header><div class=\"bt_bb_separator bt_bb_bottom_spacing_normal bt_bb_border_style_none\"><\/div><div class=\"bt_bb_contact_form_7\"><div role=\"form\" class=\"wpcf7\" id=\"wpcf7-f1936-o1\" lang=\"en-US\" dir=\"ltr\">\n<div class=\"screen-reader-response\"><p role=\"status\" aria-live=\"polite\" aria-atomic=\"true\"><\/p> <ul><\/ul><\/div>\n<form action=\"\/mx\/wp-json\/wp\/v2\/pages\/2586#wpcf7-f1936-o1\" method=\"post\" class=\"wpcf7-form init\" novalidate=\"novalidate\" data-status=\"init\">\n<div style=\"display: none;\">\n<input type=\"hidden\" name=\"_wpcf7\" value=\"1936\" \/>\n<input type=\"hidden\" name=\"_wpcf7_version\" value=\"5.3\" \/>\n<input type=\"hidden\" name=\"_wpcf7_locale\" value=\"en_US\" \/>\n<input type=\"hidden\" name=\"_wpcf7_unit_tag\" value=\"wpcf7-f1936-o1\" \/>\n<input type=\"hidden\" name=\"_wpcf7_container_post\" value=\"0\" \/>\n<input type=\"hidden\" name=\"_wpcf7_posted_data_hash\" value=\"\" \/>\n<\/div>\n<div class=\"bt_bb_cf7_form bt_bb_cf7_inline_newsletter_form\">\n<div class=\"bt_bb_cf7_row\">\n<div class=\"bt_bb_cf7_element\"><span class=\"wpcf7-form-control-wrap your-email\"><input type=\"email\" name=\"your-email\" value=\"\" size=\"40\" class=\"wpcf7-form-control wpcf7-text wpcf7-email wpcf7-validates-as-required wpcf7-validates-as-email\" aria-required=\"true\" aria-invalid=\"false\" placeholder=\"Correo electr\u00f3nico\" \/><\/span><\/div>\n<p>        <br><\/p>\n<div class=\"bt_bb_cf7_button\"><input type=\"submit\" value=\"Subscribirse\" class=\"wpcf7-form-control wpcf7-submit\" \/><\/div>\n<\/p><\/div>\n<\/div>\n<div class=\"wpcf7-response-output\" aria-hidden=\"true\"><\/div><\/form><\/div><\/div><\/div><\/div><\/div><\/div><div class=\"bt_bb_row_wrapper\"><div  class=\"bt_bb_row\" ><div  class=\"bt_bb_column col-md-4 col-ms-12 bt_bb_align_left bt_bb_vertical_align_top bt_bb_padding_normal\"  data-width=\"4\"><div class=\"bt_bb_column_content\"><\/div><\/div><div  class=\"bt_bb_column col-md-4 col-ms-12 bt_bb_align_left bt_bb_vertical_align_top bt_bb_animation_fade_in animate bt_bb_padding_normal\"  data-width=\"4\"><div class=\"bt_bb_column_content\"><div class=\"bt_bb_separator bt_bb_top_spacing_medium bt_bb_border_style_solid\" style=\"; border-width: 2px\"><\/div><\/div><\/div><div  class=\"bt_bb_column col-md-4 col-ms-12 bt_bb_align_left bt_bb_vertical_align_top bt_bb_padding_normal\"  data-width=\"4\"><div class=\"bt_bb_column_content\"><\/div><\/div><\/div><\/div><\/div><\/div><\/div><\/section><\/div>","protected":false},"excerpt":{"rendered":"","protected":false},"author":1,"featured_media":0,"parent":0,"menu_order":0,"comment_status":"closed","ping_status":"closed","template":"","meta":[],"yoast_head":"<!-- This site is optimized with the Yoast SEO plugin v15.2.1 - https:\/\/yoast.com\/wordpress\/plugins\/seo\/ -->\n<title>Recibir dinero | AirPak M\u00e9xico<\/title>\n<meta name=\"robots\" content=\"index, follow, max-snippet:-1, max-image-preview:large, max-video-preview:-1\" \/>\n<link rel=\"canonical\" href=\"https:\/\/airpak.com\/mx\/recibe-dinero\/\" \/>\n<meta property=\"og:locale\" content=\"es_ES\" \/>\n<meta property=\"og:type\" content=\"article\" \/>\n<meta property=\"og:title\" content=\"Recibir dinero | AirPak M\u00e9xico\" \/>\n<meta property=\"og:url\" content=\"https:\/\/airpak.com\/mx\/recibe-dinero\/\" \/>\n<meta property=\"og:site_name\" content=\"AirPak M\u00e9xico\" \/>\n<meta property=\"article:publisher\" content=\"https:\/\/www.facebook.com\/AirPakMex\/\" \/>\n<meta property=\"article:modified_time\" content=\"2020-07-14T20:00:15+00:00\" \/>\n<meta name=\"twitter:card\" content=\"summary_large_image\" \/>\n<meta name=\"twitter:label1\" content=\"Escrito por\">\n\t<meta name=\"twitter:data1\" content=\"EdelmaReyes\">\n\t<meta name=\"twitter:label2\" content=\"Tiempo de lectura\">\n\t<meta name=\"twitter:data2\" content=\"7 minutos\">\n<script type=\"application\/ld+json\" class=\"yoast-schema-graph\">{\"@context\":\"https:\/\/schema.org\",\"@graph\":[{\"@type\":\"WebSite\",\"@id\":\"https:\/\/airpak.com\/mx\/#website\",\"url\":\"https:\/\/airpak.com\/mx\/\",\"name\":\"AirPak M\\u00e9xico\",\"description\":\"Env\\u00edos que nos unen\",\"potentialAction\":[{\"@type\":\"SearchAction\",\"target\":\"https:\/\/airpak.com\/mx\/?s={search_term_string}\",\"query-input\":\"required name=search_term_string\"}],\"inLanguage\":\"es\"},{\"@type\":\"WebPage\",\"@id\":\"https:\/\/airpak.com\/mx\/recibe-dinero\/#webpage\",\"url\":\"https:\/\/airpak.com\/mx\/recibe-dinero\/\",\"name\":\"Recibir dinero | AirPak M\\u00e9xico\",\"isPartOf\":{\"@id\":\"https:\/\/airpak.com\/mx\/#website\"},\"datePublished\":\"2020-03-25T21:38:48+00:00\",\"dateModified\":\"2020-07-14T20:00:15+00:00\",\"inLanguage\":\"es\",\"potentialAction\":[{\"@type\":\"ReadAction\",\"target\":[\"https:\/\/airpak.com\/mx\/recibe-dinero\/\"]}]}]}<\/script>\n<!-- \/ Yoast SEO plugin. -->","_links":{"self":[{"href":"https:\/\/airpak.com\/mx\/wp-json\/wp\/v2\/pages\/2586"}],"collection":[{"href":"https:\/\/airpak.com\/mx\/wp-json\/wp\/v2\/pages"}],"about":[{"href":"https:\/\/airpak.com\/mx\/wp-json\/wp\/v2\/types\/page"}],"author":[{"embeddable":true,"href":"https:\/\/airpak.com\/mx\/wp-json\/wp\/v2\/users\/1"}],"replies":[{"embeddable":true,"href":"https:\/\/airpak.com\/mx\/wp-json\/wp\/v2\/comments?post=2586"}],"version-history":[{"count":40,"href":"https:\/\/airpak.com\/mx\/wp-json\/wp\/v2\/pages\/2586\/revisions"}],"predecessor-version":[{"id":3156,"href":"https:\/\/airpak.com\/mx\/wp-json\/wp\/v2\/pages\/2586\/revisions\/3156"}],"wp:attachment":[{"href":"https:\/\/airpak.com\/mx\/wp-json\/wp\/v2\/media?parent=2586"}],"curies":[{"name":"wp","href":"https:\/\/api.w.org\/{rel}","templated":true}]}}