{"id":2405,"date":"2020-03-17T22:16:07","date_gmt":"2020-03-17T21:16:07","guid":{"rendered":"https:\/\/airpak.com\/mx\/?page_id=2405"},"modified":"2020-10-01T00:10:35","modified_gmt":"2020-09-30T22:10:35","slug":"preguntas-frecuentes","status":"publish","type":"page","link":"https:\/\/airpak.com\/mx\/preguntas-frecuentes\/","title":{"rendered":"Preguntas frecuentes"},"content":{"rendered":"<div class=\"bt_bb_wrapper\"><section id=\"bt_bb_section69d2756cad3b5\"  class=\"bt_bb_section bt_bb_layout_boxed_1200 bt_bb_vertical_align_top bt_bb_section_show_left_boxed_content bt_bb_section_with_bottom_coverage_image\" style=\";background-color:#f6f6f6;\"><div class=\"bt_bb_port\"><div class=\"bt_bb_cell\"><div class=\"bt_bb_cell_inner\"><div class=\"bt_bb_row_wrapper\"><div  class=\"bt_bb_row\" ><div  class=\"bt_bb_column col-md-6 col-sm-12 bt_bb_align_left bt_bb_vertical_align_top bt_bb_animation_fade_in zoom_out animate bt_bb_padding_double\"  data-width=\"6\"><div class=\"bt_bb_column_content\"><div class=\"bt_bb_separator bt_bb_bottom_spacing_medium bt_bb_border_style_none bt_bb_hidden_md bt_bb_hidden_lg\"><\/div><div class=\"bt_bb_separator bt_bb_top_spacing_medium bt_bb_bottom_spacing_medium bt_bb_border_style_none\"><\/div><header class=\"bt_bb_headline bt_bb_color_scheme_4 bt_bb_dash_top bt_bb_size_medium bt_bb_align_inherit\"><h3><span class=\"bt_bb_headline_content\"><span>Preguntas <strong><u>frecuentes<\/u><\/strong><\/span><\/span><\/h3><\/header><div class=\"bt_bb_separator bt_bb_bottom_spacing_normal bt_bb_border_style_none\"><\/div><div class=\"bt_bb_accordion bt_bb_style_simple bt_bb_shape_round\" data-closed=closed><div class=\"bt_bb_accordion_item\"><div class=\"bt_bb_accordion_item_title\">\u00bfC\u00f3mo enviar dinero?<\/div><div class=\"bt_bb_accordion_item_content\"><div  class=\"bt_bb_text\" >\n<ul>\n<li>Presente su documento de identificaci\u00f3n<\/li>\n<li>Suministre la siguiente informaci\u00f3n al Operador:\n<ul>\n<li>Nombres y Apellidos<\/li>\n<li>Direcci\u00f3n<\/li>\n<li>Ocupaci\u00f3n<\/li>\n<li>N\u00famero de tel\u00e9fono<\/li>\n<li>Nombres y apellidos<\/li>\n<li>Ciudad y pa\u00eds de destino<\/li>\n<\/ul>\n<\/li>\n<li>Entregue su dinero en efectivo cuando el Operador se lo solicita, valida la informaci\u00f3n del recibo y f\u00edrmalo.<\/li>\n<li>Obtenga el recibo que le entregar\u00e1 el Operador. Este recibo tendr\u00e1 el N\u00famero de Control de Transferencia o MTCN que identifica su transacci\u00f3n y el cual el beneficiario debe proporcionar para poder cobrar su transferencia de dinero.<\/li>\n<\/ul>\n<\/div>\n<\/div><\/div><div class=\"bt_bb_accordion_item\"><div class=\"bt_bb_accordion_item_title\">\u00bfC\u00f3mo recibir dinero?<\/div><div class=\"bt_bb_accordion_item_content\"><div  class=\"bt_bb_text\" >\n<ul>\n<li>Presente su documento de identificaci\u00f3n.<\/li>\n<li>Suministre la siguiente informaci\u00f3n al Operador:\n<ul>\n<li>N\u00famero de Control de Transferencia o MTCN<\/li>\n<li>Nombres y apellidos del remitente<\/li>\n<li>Ciudad y pa\u00eds de origen de la transferencia<\/li>\n<li>Cantidad esperada<\/li>\n<li>Nombres y apellidos de la persona que recibe<\/li>\n<li>Direcci\u00f3n<\/li>\n<li>N\u00famero de tel\u00e9fono<\/li>\n<\/ul>\n<\/li>\n<li>Verifique y firme el recibo suministrado por el Operador.<\/li>\n<li>Reciba su dinero y recibo de transacci\u00f3n. Cuente su dinero al recibirlo antes de retirarse de la ventanilla.<\/li>\n<\/ul>\n<\/div>\n<\/div><\/div><div class=\"bt_bb_accordion_item\"><div class=\"bt_bb_accordion_item_title\"> \u00bfCu\u00e1les son los horarios de atenci\u00f3n?<\/div><div class=\"bt_bb_accordion_item_content\"><div  class=\"bt_bb_text TelFQ\" >\n<p>Consulte el horario de atenci\u00f3n de su agencia AirPak m\u00e1s cercana llam\u00e1ndonos al <strong>+(052) 01 55 50474229.<\/strong><\/p>\n<\/div>\n<\/div><\/div><div class=\"bt_bb_accordion_item\"><div class=\"bt_bb_accordion_item_title\">\u00bfC\u00f3mo encuentro mi agencia AirPak m\u00e1s cercana?<\/div><div class=\"bt_bb_accordion_item_content\"><div  class=\"bt_bb_text\" >\n<p>Encuentra una agencia cercana en l\u00ednea <a href=\"https:\/\/airpak.com\/mx\/sucursales-airpak\/\">aqu\u00ed<\/a>.<\/p>\n<\/div>\n<\/div><\/div><\/div><div class=\"bt_bb_separator bt_bb_bottom_spacing_medium bt_bb_border_style_none bt_bb_hidden_md bt_bb_hidden_lg\"><\/div><div class=\"bt_bb_separator bt_bb_top_spacing_medium bt_bb_bottom_spacing_large bt_bb_border_style_none bt_bb_hidden_xs bt_bb_hidden_ms bt_bb_hidden_sm\"><\/div><\/div><\/div><div  class=\"bt_bb_column col-md-6 col-sm-12 bt_bb_align_left bt_bb_vertical_align_top bt_bb_padding_normal btLazyLoadBackground bt_bb_column_background_image bt_bb_mobile_align_to_both_edges\" style=\"background-image:url(&#039;https:\/\/airpak.com\/mx\/wp-content\/plugins\/bold-page-builder\/img\/blank.gif&#039;);background-position:70% center;\" data-background_image_src='https:\/\/airpak.com\/mx\/wp-content\/uploads\/sites\/8\/2020\/03\/Grupo_Coen_0816_0148-ZF-10319-89537-1-002-scaled.jpg' data-width=\"6\"><div class=\"bt_bb_column_content\"><div class=\"bt_bb_separator bt_bb_top_spacing_extra_large bt_bb_bottom_spacing_extra_large bt_bb_border_style_none\"><\/div><div class=\"bt_bb_separator bt_bb_top_spacing_extra_large bt_bb_bottom_spacing_extra_large bt_bb_border_style_none\"><\/div><\/div><\/div><\/div><\/div><\/div><\/div><\/div><div class=\"bt_bb_section_bottom_section_coverage_image\"><img src=\"https:\/\/airpak.com\/mx\/wp-content\/uploads\/sites\/8\/2019\/03\/bgn-triangle-bottom.png\" alt=\"bt_bb_section_bottom_section_coverage_image\" \/><\/div><\/section><\/div>","protected":false},"excerpt":{"rendered":"","protected":false},"author":1,"featured_media":0,"parent":0,"menu_order":0,"comment_status":"closed","ping_status":"closed","template":"","meta":[],"yoast_head":"<!-- This site is optimized with the Yoast SEO plugin v15.2.1 - https:\/\/yoast.com\/wordpress\/plugins\/seo\/ -->\n<title>Preguntas frecuentes | AirPak M\u00e9xico<\/title>\n<meta name=\"robots\" content=\"index, follow, max-snippet:-1, max-image-preview:large, max-video-preview:-1\" \/>\n<link rel=\"canonical\" href=\"https:\/\/airpak.com\/mx\/preguntas-frecuentes\/\" \/>\n<meta property=\"og:locale\" content=\"es_ES\" \/>\n<meta property=\"og:type\" content=\"article\" \/>\n<meta property=\"og:title\" content=\"Preguntas frecuentes | AirPak M\u00e9xico\" \/>\n<meta property=\"og:url\" content=\"https:\/\/airpak.com\/mx\/preguntas-frecuentes\/\" \/>\n<meta property=\"og:site_name\" content=\"AirPak M\u00e9xico\" \/>\n<meta property=\"article:publisher\" content=\"https:\/\/www.facebook.com\/AirPakMex\/\" \/>\n<meta property=\"article:modified_time\" content=\"2020-09-30T22:10:35+00:00\" \/>\n<meta name=\"twitter:card\" content=\"summary_large_image\" \/>\n<meta name=\"twitter:label1\" content=\"Escrito por\">\n\t<meta name=\"twitter:data1\" content=\"EdelmaReyes\">\n\t<meta name=\"twitter:label2\" content=\"Tiempo de lectura\">\n\t<meta name=\"twitter:data2\" content=\"3 minutos\">\n<script type=\"application\/ld+json\" class=\"yoast-schema-graph\">{\"@context\":\"https:\/\/schema.org\",\"@graph\":[{\"@type\":\"WebSite\",\"@id\":\"https:\/\/airpak.com\/mx\/#website\",\"url\":\"https:\/\/airpak.com\/mx\/\",\"name\":\"AirPak M\\u00e9xico\",\"description\":\"Env\\u00edos que nos unen\",\"potentialAction\":[{\"@type\":\"SearchAction\",\"target\":\"https:\/\/airpak.com\/mx\/?s={search_term_string}\",\"query-input\":\"required name=search_term_string\"}],\"inLanguage\":\"es\"},{\"@type\":\"WebPage\",\"@id\":\"https:\/\/airpak.com\/mx\/preguntas-frecuentes\/#webpage\",\"url\":\"https:\/\/airpak.com\/mx\/preguntas-frecuentes\/\",\"name\":\"Preguntas frecuentes | AirPak M\\u00e9xico\",\"isPartOf\":{\"@id\":\"https:\/\/airpak.com\/mx\/#website\"},\"datePublished\":\"2020-03-17T21:16:07+00:00\",\"dateModified\":\"2020-09-30T22:10:35+00:00\",\"inLanguage\":\"es\",\"potentialAction\":[{\"@type\":\"ReadAction\",\"target\":[\"https:\/\/airpak.com\/mx\/preguntas-frecuentes\/\"]}]}]}<\/script>\n<!-- \/ Yoast SEO plugin. -->","_links":{"self":[{"href":"https:\/\/airpak.com\/mx\/wp-json\/wp\/v2\/pages\/2405"}],"collection":[{"href":"https:\/\/airpak.com\/mx\/wp-json\/wp\/v2\/pages"}],"about":[{"href":"https:\/\/airpak.com\/mx\/wp-json\/wp\/v2\/types\/page"}],"author":[{"embeddable":true,"href":"https:\/\/airpak.com\/mx\/wp-json\/wp\/v2\/users\/1"}],"replies":[{"embeddable":true,"href":"https:\/\/airpak.com\/mx\/wp-json\/wp\/v2\/comments?post=2405"}],"version-history":[{"count":25,"href":"https:\/\/airpak.com\/mx\/wp-json\/wp\/v2\/pages\/2405\/revisions"}],"predecessor-version":[{"id":3363,"href":"https:\/\/airpak.com\/mx\/wp-json\/wp\/v2\/pages\/2405\/revisions\/3363"}],"wp:attachment":[{"href":"https:\/\/airpak.com\/mx\/wp-json\/wp\/v2\/media?parent=2405"}],"curies":[{"name":"wp","href":"https:\/\/api.w.org\/{rel}","templated":true}]}}