{"id":108433,"date":"2023-04-27T20:12:54","date_gmt":"2023-04-27T18:12:54","guid":{"rendered":"https:\/\/airpak.com\/mx\/?page_id=108433"},"modified":"2023-05-25T00:16:42","modified_gmt":"2023-05-24T22:16:42","slug":"aviso-de-privacidad","status":"publish","type":"page","link":"https:\/\/airpak.com\/mx\/aviso-de-privacidad\/","title":{"rendered":"Aviso de privacidad"},"content":{"rendered":"<div class=\"bt_bb_wrapper\"><section id=\"bt_bb_section69ff5eefe2151\"  class=\"bt_bb_section bt_bb_layout_boxed_900 bt_bb_vertical_align_top\" ><div class=\"bt_bb_port\"><div class=\"bt_bb_cell\"><div class=\"bt_bb_cell_inner\"><div class=\"bt_bb_row_wrapper\"><div  class=\"bt_bb_row\" ><div  class=\"bt_bb_column col-md-12 col-ms-12 bt_bb_align_left bt_bb_vertical_align_top bt_bb_padding_normal\"  data-width=\"12\"><div class=\"bt_bb_column_content\"><div class=\"bt_bb_separator bt_bb_bottom_spacing_large bt_bb_border_style_none\"><\/div><div  class=\"bt_bb_text\" ><h1 style=\"text-align: center\"><strong>SITIO WEB AIRPAK<\/strong><\/h1>\n<p style=\"text-align: center\"><strong>AVISO DE PRIVACIDAD<\/strong><strong>\u00a0<\/strong><\/p>\n<p>AIFCO SOCIEDAD AN\u00d3NIMA DE CAPITAL VARIABLE (en adelante AIFCO) con domicilio en Calle R\u00edo Tiber, N\u00famero Exterior 40 N\u00famero Interior 601 y 602, Colonia Cuauht\u00e9moc, Alcald\u00eda Cuauht\u00e9moc, C.P. 06500 en esta Ciudad de M\u00e9xico, Distrito Federal, y en estricto cumplimiento a lo dispuesto por la Ley Federal de Protecci\u00f3n de Datos Personales en Posesi\u00f3n de los Particulares y su Reglamento vigentes (en adelante ambos referidos como, la LEGISLACI\u00d3N), mediante el presente Aviso de Privacidad hace de su consentimiento que los datos personales, patrimoniales y sensibles que nos llegue a proporcionar, ser\u00e1n del uso que se le d\u00e9 a los mismos y de su protecci\u00f3n.<\/p>\n<p>Es por ello que los datos personales y sensibles que se obtengan de personas f\u00edsicas identificadas o identificables, de manera directa o por laborar en las empresas que son nuestros clientes o proveedores, (en lo sucesivo Datos Personales) son incorporados, manejados y protegidos en nuestros sistemas de acuerdo con esta Pol\u00edtica de uso y privacidad.<\/p>\n<p>Los Datos Personales que AIFCO obtuvo o llegare a obtener directamente de usted y\/o de su empresa, mismos que incluyen nombre completo, domicilio, entre otros datos de informaci\u00f3n, \u00fanicamente ser\u00e1n usados, divulgados o almacenados con la finalidad de prestar y\/u obtener servicios relacionados con la funci\u00f3n propia de AIFCO y no ser\u00e1n difundidos, distribuidos ni comercializados.<\/p>\n<p>AIFCO podr\u00e1 compartir los Datos Personales con proveedores de servicios que haya contratado y\/o con terceros cuando de acuerdo con sus pol\u00edticas, sea necesario para la realizaci\u00f3n de sus actividades de negocios. Bajo cualquiera de estos supuestos, AIFCO compartir\u00e1 \u00fanicamente los Datos Personales necesarios para la prestaci\u00f3n y\/u obtenci\u00f3n de dichos servicios o realizaci\u00f3n de dicha actividad.<\/p>\n<p>AIFCO se compromete a garantizar la confidencialidad de los Datos Personales relacionados con usted o las personas f\u00edsicas de su empresa, as\u00ed como el manejo de \u00e9stos bajo la misma Pol\u00edtica implementada por AIFCO, cuando sean compartidos.<\/p>\n<p>Los Datos Personales que nos proporcionen podr\u00e1n ser transferidos y tratados con terceros nacionales o extranjeros, a nivel nacional e internacional: (i) si alguna ley o proceso legal as\u00ed nos lo exige o para la procuraci\u00f3n o administraci\u00f3n de justicia ante autoridades competentes; y\/o (ii) cuando se comparta con sociedades afiliadas bajo el control de AIFCO o con una sociedad matriz o a cualquier sociedad del mismo grupo de AIFCO que operen bajo nuestras mismas pol\u00edticas internas y lleven a cabo los mismos procesos respecto de su informaci\u00f3n; y\/o (iii) cuando sea necesario por virtud de un contrato celebrado o la celebraci\u00f3n de un contrato en inter\u00e9s de usted, AIFCO y un tercero o para mantener o cumplir con una relaci\u00f3n jur\u00eddica entre AIFCO y usted.<\/p>\n<p>AIFCOda por sentado: (i) que su empresa cumple con las obligaciones establecidas mediante la presente Pol\u00edtica de privacidad y manejo de datos; (ii) que los Datos Personales proporcionados son correctos y actualizados para los fines para los cuales fueron recabados; y (iii) que su empresa se encuentra facultada para proporcionar a AIFCO dichos Datos Personales.<\/p>\n<p>En cualquier momento, usted y las personas f\u00edsicas que laboran con usted y\/o terceros de los que se recaben Datos Personales con el objeto de cumplir con la prestaci\u00f3n y\/u obtenci\u00f3n de los servicios tendr\u00e1(n) el derecho de: (i) acceder a los Datos Personales que se encuentren en poder de AIFCO; (ii) rectificarlos cuando sean inexactos o incompletos, inadecuados o excesivos siempre y cuando dicha modificaci\u00f3n no sea imposible o exija esfuerzos desproporcionados de acuerdo a las pol\u00edticas de AIFCO; (iii) oponerse al uso de los Datos Personales; (iv) cancelarlos, salvo cuando dicha cancelaci\u00f3n pudiese causar perjuicios a derechos o intereses leg\u00edtimos de terceros o en los casos previstos anteriormente; y (v) revocar el consentimiento otorgado para el uso, divulgaci\u00f3n o almacenamiento de los Datos Personales con el fin de que dejemos de hacer uso de los mismos.<\/p>\n<p>Usted tiene derecho de acceder, rectificar, y cancelar sus datos personales, as\u00ed como de oponerse al tratamiento de los mismos o revocar el consentimiento que para tal fin nos haya otorgado, a trav\u00e9s de los procedimientos que hemos implementado. Si usted como persona f\u00edsica y\/o cualquiera de los empleados que laboran con usted desean tener acceso, rectificar, cancelar, oponerse o revocar el uso de sus datos personales, en cualquier momento podr\u00e1 solicitarlo llamando al tel\u00e9fono 5047-4200 ext. 4224 y\/o escribiendo al correo: datospersonales@airpak.com.<\/p>\n<p>AIFCO se reserva el derecho de efectuar en cualquier momento modificaciones o actualizaciones al presente aviso de privacidad, para la atenci\u00f3n de novedades legislativas o jurisprudenciales, pol\u00edticas internas, nuevos requerimientos para la prestaci\u00f3n u ofrecimiento de nuestros servicios o productos y pr\u00e1cticas del mercado. En caso de que exista alg\u00fan cambio respecto a las pol\u00edticas antes mencionadas, AIFCO lo comunicar\u00e1 oportunamente a trav\u00e9s del nuevo aviso de privacidad.<\/p>\n<p>Si no desea consentir u oponerse la trasmisi\u00f3n de los Datos Personales, o en caso de dudas respecto a su uso, divulgaci\u00f3n o almacenamiento, le rogamos ponerse en contacto al tel\u00e9fono 5047-4200 ext. 4224 y\/o al correo datospersonales@airpak.com.<\/p>\n<p>AIFCO, S.A. DE C.V.<\/p>\n<\/div><div class=\"bt_bb_separator bt_bb_bottom_spacing_normal bt_bb_border_style_none\"><\/div><\/div><\/div><\/div><\/div><\/div><\/div><\/div><\/section><\/div>","protected":false},"excerpt":{"rendered":"","protected":false},"author":10,"featured_media":0,"parent":0,"menu_order":0,"comment_status":"closed","ping_status":"closed","template":"","meta":[],"yoast_head":"<!-- This site is optimized with the Yoast SEO plugin v15.2.1 - https:\/\/yoast.com\/wordpress\/plugins\/seo\/ -->\n<title>Aviso de privacidad | AirPak M\u00e9xico<\/title>\n<meta name=\"robots\" content=\"index, follow, max-snippet:-1, max-image-preview:large, max-video-preview:-1\" \/>\n<link rel=\"canonical\" href=\"https:\/\/airpak.com\/mx\/aviso-de-privacidad\/\" \/>\n<meta property=\"og:locale\" content=\"es_ES\" \/>\n<meta property=\"og:type\" content=\"article\" \/>\n<meta property=\"og:title\" content=\"Aviso de privacidad | AirPak M\u00e9xico\" \/>\n<meta property=\"og:url\" content=\"https:\/\/airpak.com\/mx\/aviso-de-privacidad\/\" \/>\n<meta property=\"og:site_name\" content=\"AirPak M\u00e9xico\" \/>\n<meta property=\"article:publisher\" content=\"https:\/\/www.facebook.com\/AirPakMex\/\" \/>\n<meta property=\"article:modified_time\" content=\"2023-05-24T22:16:42+00:00\" \/>\n<meta name=\"twitter:card\" content=\"summary_large_image\" \/>\n<meta name=\"twitter:label1\" content=\"Escrito por\">\n\t<meta name=\"twitter:data1\" content=\"editorial\">\n\t<meta name=\"twitter:label2\" content=\"Tiempo de lectura\">\n\t<meta name=\"twitter:data2\" content=\"4 minutos\">\n<script type=\"application\/ld+json\" class=\"yoast-schema-graph\">{\"@context\":\"https:\/\/schema.org\",\"@graph\":[{\"@type\":\"WebSite\",\"@id\":\"https:\/\/airpak.com\/mx\/#website\",\"url\":\"https:\/\/airpak.com\/mx\/\",\"name\":\"AirPak M\\u00e9xico\",\"description\":\"Env\\u00edos que nos unen\",\"potentialAction\":[{\"@type\":\"SearchAction\",\"target\":\"https:\/\/airpak.com\/mx\/?s={search_term_string}\",\"query-input\":\"required name=search_term_string\"}],\"inLanguage\":\"es\"},{\"@type\":\"WebPage\",\"@id\":\"https:\/\/airpak.com\/mx\/aviso-de-privacidad\/#webpage\",\"url\":\"https:\/\/airpak.com\/mx\/aviso-de-privacidad\/\",\"name\":\"Aviso de privacidad | AirPak M\\u00e9xico\",\"isPartOf\":{\"@id\":\"https:\/\/airpak.com\/mx\/#website\"},\"datePublished\":\"2023-04-27T18:12:54+00:00\",\"dateModified\":\"2023-05-24T22:16:42+00:00\",\"inLanguage\":\"es\",\"potentialAction\":[{\"@type\":\"ReadAction\",\"target\":[\"https:\/\/airpak.com\/mx\/aviso-de-privacidad\/\"]}]}]}<\/script>\n<!-- \/ Yoast SEO plugin. -->","_links":{"self":[{"href":"https:\/\/airpak.com\/mx\/wp-json\/wp\/v2\/pages\/108433"}],"collection":[{"href":"https:\/\/airpak.com\/mx\/wp-json\/wp\/v2\/pages"}],"about":[{"href":"https:\/\/airpak.com\/mx\/wp-json\/wp\/v2\/types\/page"}],"author":[{"embeddable":true,"href":"https:\/\/airpak.com\/mx\/wp-json\/wp\/v2\/users\/10"}],"replies":[{"embeddable":true,"href":"https:\/\/airpak.com\/mx\/wp-json\/wp\/v2\/comments?post=108433"}],"version-history":[{"count":14,"href":"https:\/\/airpak.com\/mx\/wp-json\/wp\/v2\/pages\/108433\/revisions"}],"predecessor-version":[{"id":108453,"href":"https:\/\/airpak.com\/mx\/wp-json\/wp\/v2\/pages\/108433\/revisions\/108453"}],"wp:attachment":[{"href":"https:\/\/airpak.com\/mx\/wp-json\/wp\/v2\/media?parent=108433"}],"curies":[{"name":"wp","href":"https:\/\/api.w.org\/{rel}","templated":true}]}}